{"id":110,"date":"2024-04-12T15:06:11","date_gmt":"2024-04-12T15:06:11","guid":{"rendered":"https:\/\/ttnl.io\/?page_id=110"},"modified":"2025-02-05T08:46:40","modified_gmt":"2025-02-05T08:46:40","slug":"about-ttnl","status":"publish","type":"page","link":"https:\/\/ttnl.io\/de\/about-ttnl\/","title":{"rendered":"\u00dcber die TTNL Group"},"content":{"rendered":"","protected":false},"excerpt":{"rendered":"","protected":false},"author":1,"featured_media":766,"parent":0,"menu_order":0,"comment_status":"closed","ping_status":"closed","template":"page-fullwidth.php","meta":{"footnotes":""},"class_list":["post-110","page","type-page","status-publish","has-post-thumbnail"],"yoast_head":"<!-- This site is optimized with the Yoast SEO Premium plugin v26.7 (Yoast SEO v27.1.1) - https:\/\/yoast.com\/product\/yoast-seo-premium-wordpress\/ -->\n<title>About TTNL - Data Solutions for Peak Performance &amp; Security<\/title>\n<meta name=\"description\" content=\"Ensure maximum continuity with our expert-driven strategic data solutions. We design, set up, and maintain secure and cost-effective systems.\" \/>\n<meta name=\"robots\" content=\"index, follow, max-snippet:-1, max-image-preview:large, max-video-preview:-1\" \/>\n<link rel=\"canonical\" href=\"https:\/\/ttnl.io\/de\/about-ttnl\/\" \/>\n<meta property=\"og:locale\" content=\"de_DE\" \/>\n<meta property=\"og:type\" content=\"article\" \/>\n<meta property=\"og:title\" content=\"About TTNL\" \/>\n<meta property=\"og:description\" content=\"Ensure maximum continuity with our expert-driven strategic data solutions. We design, set up, and maintain secure and cost-effective systems.\" \/>\n<meta property=\"og:url\" content=\"https:\/\/ttnl.io\/de\/about-ttnl\/\" \/>\n<meta property=\"og:site_name\" content=\"TTNL\" \/>\n<meta property=\"article:modified_time\" content=\"2025-02-05T08:46:40+00:00\" \/>\n<meta property=\"og:image\" content=\"https:\/\/ttnl.io\/wp-content\/uploads\/2025\/01\/ttnl-io-featured-image_v1.jpg\" \/>\n\t<meta property=\"og:image:width\" content=\"1200\" \/>\n\t<meta property=\"og:image:height\" content=\"600\" \/>\n\t<meta property=\"og:image:type\" content=\"image\/jpeg\" \/>\n<meta name=\"twitter:card\" content=\"summary_large_image\" \/>\n<meta name=\"twitter:label1\" content=\"Gesch\u00e4tzte Lesezeit\" \/>\n\t<meta name=\"twitter:data1\" content=\"1\u00a0Minute\" \/>\n<script type=\"application\/ld+json\" class=\"yoast-schema-graph\">{\"@context\":\"https:\/\/schema.org\",\"@graph\":[{\"@type\":\"WebPage\",\"@id\":\"https:\/\/ttnl.io\/about-ttnl\/\",\"url\":\"https:\/\/ttnl.io\/about-ttnl\/\",\"name\":\"About TTNL - Data Solutions for Peak Performance & Security\",\"isPartOf\":{\"@id\":\"https:\/\/ttnl.io\/#website\"},\"primaryImageOfPage\":{\"@id\":\"https:\/\/ttnl.io\/about-ttnl\/#primaryimage\"},\"image\":{\"@id\":\"https:\/\/ttnl.io\/about-ttnl\/#primaryimage\"},\"thumbnailUrl\":\"https:\/\/ttnl.io\/wp-content\/uploads\/2025\/01\/ttnl-io-featured-image_v1.jpg\",\"datePublished\":\"2024-04-12T15:06:11+00:00\",\"dateModified\":\"2025-02-05T08:46:40+00:00\",\"description\":\"Ensure maximum continuity with our expert-driven strategic data solutions. We design, set up, and maintain secure and cost-effective systems.\",\"breadcrumb\":{\"@id\":\"https:\/\/ttnl.io\/about-ttnl\/#breadcrumb\"},\"inLanguage\":\"de\",\"potentialAction\":[{\"@type\":\"ReadAction\",\"target\":[\"https:\/\/ttnl.io\/about-ttnl\/\"]}]},{\"@type\":\"ImageObject\",\"inLanguage\":\"de\",\"@id\":\"https:\/\/ttnl.io\/about-ttnl\/#primaryimage\",\"url\":\"https:\/\/ttnl.io\/wp-content\/uploads\/2025\/01\/ttnl-io-featured-image_v1.jpg\",\"contentUrl\":\"https:\/\/ttnl.io\/wp-content\/uploads\/2025\/01\/ttnl-io-featured-image_v1.jpg\",\"width\":1200,\"height\":600,\"caption\":\"ttnl-innovative solutions for success\"},{\"@type\":\"BreadcrumbList\",\"@id\":\"https:\/\/ttnl.io\/about-ttnl\/#breadcrumb\",\"itemListElement\":[{\"@type\":\"ListItem\",\"position\":1,\"name\":\"Home\",\"item\":\"https:\/\/ttnl.io\/\"},{\"@type\":\"ListItem\",\"position\":2,\"name\":\"About TTNL\"}]},{\"@type\":\"WebSite\",\"@id\":\"https:\/\/ttnl.io\/#website\",\"url\":\"https:\/\/ttnl.io\/\",\"name\":\"TTNL\",\"description\":\"\",\"publisher\":{\"@id\":\"https:\/\/ttnl.io\/#organization\"},\"potentialAction\":[{\"@type\":\"SearchAction\",\"target\":{\"@type\":\"EntryPoint\",\"urlTemplate\":\"https:\/\/ttnl.io\/?s={search_term_string}\"},\"query-input\":{\"@type\":\"PropertyValueSpecification\",\"valueRequired\":true,\"valueName\":\"search_term_string\"}}],\"inLanguage\":\"de\"},{\"@type\":\"Organization\",\"@id\":\"https:\/\/ttnl.io\/#organization\",\"name\":\"TTNL\",\"url\":\"https:\/\/ttnl.io\/\",\"logo\":{\"@type\":\"ImageObject\",\"inLanguage\":\"de\",\"@id\":\"https:\/\/ttnl.io\/#\/schema\/logo\/image\/\",\"url\":\"https:\/\/ttnl.io\/wp-content\/uploads\/2024\/04\/TTNL_CMYK_Color.png\",\"contentUrl\":\"https:\/\/ttnl.io\/wp-content\/uploads\/2024\/04\/TTNL_CMYK_Color.png\",\"width\":2181,\"height\":1207,\"caption\":\"TTNL \"},\"image\":{\"@id\":\"https:\/\/ttnl.io\/#\/schema\/logo\/image\/\"}}]}<\/script>\n<!-- \/ Yoast SEO Premium plugin. -->","yoast_head_json":{"title":"\u00dcber TTNL \u2013 Datenl\u00f6sungen f\u00fcr Spitzenleistung und Sicherheit","description":"Sorgen Sie mit unseren fachkundigen strategischen Datenl\u00f6sungen f\u00fcr maximale Kontinuit\u00e4t. Wir entwerfen, richten sichere und kosteneffiziente Systeme ein und warten sie.","robots":{"index":"index","follow":"follow","max-snippet":"max-snippet:-1","max-image-preview":"max-image-preview:large","max-video-preview":"max-video-preview:-1"},"canonical":"https:\/\/ttnl.io\/de\/about-ttnl\/","og_locale":"de_DE","og_type":"article","og_title":"About TTNL","og_description":"Ensure maximum continuity with our expert-driven strategic data solutions. We design, set up, and maintain secure and cost-effective systems.","og_url":"https:\/\/ttnl.io\/de\/about-ttnl\/","og_site_name":"TTNL","article_modified_time":"2025-02-05T08:46:40+00:00","og_image":[{"width":1200,"height":600,"url":"https:\/\/ttnl.io\/wp-content\/uploads\/2025\/01\/ttnl-io-featured-image_v1.jpg","type":"image\/jpeg"}],"twitter_card":"summary_large_image","twitter_misc":{"Gesch\u00e4tzte Lesezeit":"1\u00a0Minute"},"schema":{"@context":"https:\/\/schema.org","@graph":[{"@type":"WebPage","@id":"https:\/\/ttnl.io\/about-ttnl\/","url":"https:\/\/ttnl.io\/about-ttnl\/","name":"\u00dcber TTNL \u2013 Datenl\u00f6sungen f\u00fcr Spitzenleistung und Sicherheit","isPartOf":{"@id":"https:\/\/ttnl.io\/#website"},"primaryImageOfPage":{"@id":"https:\/\/ttnl.io\/about-ttnl\/#primaryimage"},"image":{"@id":"https:\/\/ttnl.io\/about-ttnl\/#primaryimage"},"thumbnailUrl":"https:\/\/ttnl.io\/wp-content\/uploads\/2025\/01\/ttnl-io-featured-image_v1.jpg","datePublished":"2024-04-12T15:06:11+00:00","dateModified":"2025-02-05T08:46:40+00:00","description":"Sorgen Sie mit unseren fachkundigen strategischen Datenl\u00f6sungen f\u00fcr maximale Kontinuit\u00e4t. Wir entwerfen, richten sichere und kosteneffiziente Systeme ein und warten sie.","breadcrumb":{"@id":"https:\/\/ttnl.io\/about-ttnl\/#breadcrumb"},"inLanguage":"de","potentialAction":[{"@type":"ReadAction","target":["https:\/\/ttnl.io\/about-ttnl\/"]}]},{"@type":"ImageObject","inLanguage":"de","@id":"https:\/\/ttnl.io\/about-ttnl\/#primaryimage","url":"https:\/\/ttnl.io\/wp-content\/uploads\/2025\/01\/ttnl-io-featured-image_v1.jpg","contentUrl":"https:\/\/ttnl.io\/wp-content\/uploads\/2025\/01\/ttnl-io-featured-image_v1.jpg","width":1200,"height":600,"caption":"ttnl-innovative solutions for success"},{"@type":"BreadcrumbList","@id":"https:\/\/ttnl.io\/about-ttnl\/#breadcrumb","itemListElement":[{"@type":"ListItem","position":1,"name":"Home","item":"https:\/\/ttnl.io\/"},{"@type":"ListItem","position":2,"name":"About TTNL"}]},{"@type":"WebSite","@id":"https:\/\/ttnl.io\/#website","url":"https:\/\/ttnl.io\/","name":"TTNL","description":"","publisher":{"@id":"https:\/\/ttnl.io\/#organization"},"potentialAction":[{"@type":"SearchAction","target":{"@type":"EntryPoint","urlTemplate":"https:\/\/ttnl.io\/?s={search_term_string}"},"query-input":{"@type":"PropertyValueSpecification","valueRequired":true,"valueName":"search_term_string"}}],"inLanguage":"de"},{"@type":"Organization","@id":"https:\/\/ttnl.io\/#organization","name":"TTNL","url":"https:\/\/ttnl.io\/","logo":{"@type":"ImageObject","inLanguage":"de","@id":"https:\/\/ttnl.io\/#\/schema\/logo\/image\/","url":"https:\/\/ttnl.io\/wp-content\/uploads\/2024\/04\/TTNL_CMYK_Color.png","contentUrl":"https:\/\/ttnl.io\/wp-content\/uploads\/2024\/04\/TTNL_CMYK_Color.png","width":2181,"height":1207,"caption":"TTNL "},"image":{"@id":"https:\/\/ttnl.io\/#\/schema\/logo\/image\/"}}]}},"_links":{"self":[{"href":"https:\/\/ttnl.io\/de\/wp-json\/wp\/v2\/pages\/110","targetHints":{"allow":["GET"]}}],"collection":[{"href":"https:\/\/ttnl.io\/de\/wp-json\/wp\/v2\/pages"}],"about":[{"href":"https:\/\/ttnl.io\/de\/wp-json\/wp\/v2\/types\/page"}],"author":[{"embeddable":true,"href":"https:\/\/ttnl.io\/de\/wp-json\/wp\/v2\/users\/1"}],"replies":[{"embeddable":true,"href":"https:\/\/ttnl.io\/de\/wp-json\/wp\/v2\/comments?post=110"}],"version-history":[{"count":3,"href":"https:\/\/ttnl.io\/de\/wp-json\/wp\/v2\/pages\/110\/revisions"}],"predecessor-version":[{"id":193,"href":"https:\/\/ttnl.io\/de\/wp-json\/wp\/v2\/pages\/110\/revisions\/193"}],"wp:featuredmedia":[{"embeddable":true,"href":"https:\/\/ttnl.io\/de\/wp-json\/wp\/v2\/media\/766"}],"wp:attachment":[{"href":"https:\/\/ttnl.io\/de\/wp-json\/wp\/v2\/media?parent=110"}],"curies":[{"name":"wp","href":"https:\/\/api.w.org\/{rel}","templated":true}]}}